{"id":462,"date":"2026-03-17T15:23:21","date_gmt":"2026-03-17T08:23:21","guid":{"rendered":"https:\/\/shophoadep.com\/?post_type=product&#038;p=462"},"modified":"2026-04-01T14:29:05","modified_gmt":"2026-04-01T07:29:05","slug":"bo-hoa-cuc-tana-pure-daisy","status":"publish","type":"product","link":"https:\/\/shophoadep.com\/index.php\/product\/bo-hoa-cuc-tana-pure-daisy\/","title":{"rendered":"B\u00f3 Hoa C\u00fac Tana Pure Daisy"},"content":{"rendered":"<p data-start=\"297\" data-end=\"568\">B\u00f3 hoa <strong data-start=\"304\" data-end=\"318\">Pure Daisy<\/strong> mang v\u1ebb \u0111\u1eb9p trong tr\u1ebbo v\u00e0 \u0111\u00e1ng y\u00eau v\u1edbi h\u00e0ng tr\u0103m b\u00f4ng c\u00fac Tana tr\u1eafng nh\u1ecf xinh, t\u01b0\u1ee3ng tr\u01b0ng cho s\u1ef1 ng\u00e2y th\u01a1, tinh kh\u00f4i v\u00e0 ni\u1ec1m vui gi\u1ea3n d\u1ecb. Nh\u1eefng c\u00e1nh hoa tr\u1eafng m\u1ecfng manh \u00f4m tr\u1ecdn nh\u1ee5y v\u00e0ng r\u1ef1c r\u1ee1 t\u1ea1o n\u00ean t\u1ed5ng th\u1ec3 t\u01b0\u01a1i s\u00e1ng, nh\u1eb9 nh\u00e0ng v\u00e0 \u0111\u1ea7y s\u1ee9c s\u1ed1ng.<\/p>\n<p data-start=\"570\" data-end=\"797\">Hoa \u0111\u01b0\u1ee3c b\u00f3 tr\u00f2n t\u1ef1 nhi\u00ean theo phong c\u00e1ch H\u00e0n Qu\u1ed1c, g\u00f3i trong l\u1edbp gi\u1ea5y tr\u1eafng thanh l\u1ecbch c\u00f9ng n\u01a1 l\u1ee5a tinh t\u1ebf, mang l\u1ea1i c\u1ea3m gi\u00e1c thu\u1ea7n khi\u1ebft v\u00e0 d\u1ec5 th\u01b0\u01a1ng. \u0110\u00e2y l\u00e0 m\u00f3n qu\u00e0 ho\u00e0n h\u1ea3o \u0111\u1ec3 g\u1eedi g\u1eafm s\u1ef1 quan t\u00e2m nh\u1eb9 nh\u00e0ng nh\u01b0ng ch\u00e2n th\u00e0nh.<\/p>\n<p data-start=\"799\" data-end=\"879\">Th\u00f4ng \u0111i\u1ec7p c\u1ee7a b\u00f3 hoa:<br data-start=\"821\" data-end=\"824\" \/>\ud83e\udd0d Trong s\u00e1ng \u2014 B\u00ecnh y\u00ean \u2014 D\u1ecbu d\u00e0ng \u2014 Ni\u1ec1m vui nh\u1ecf b\u00e9<\/p>\n<p data-start=\"881\" data-end=\"1040\">Ph\u00f9 h\u1ee3p cho nhi\u1ec1u d\u1ecbp:<br data-start=\"903\" data-end=\"906\" \/>\u2728 Sinh nh\u1eadt b\u1ea1n b\u00e8, em g\u00e1i<br data-start=\"932\" data-end=\"935\" \/>\u2728 T\u1eb7ng ng\u01b0\u1eddi y\u00eau phong c\u00e1ch d\u1ec5 th\u01b0\u01a1ng<br data-start=\"972\" data-end=\"975\" \/>\u2728 Ch\u00fac m\u1eebng \u2022 c\u1ea3m \u01a1n<br data-start=\"995\" data-end=\"998\" \/>\u2728 8\/3 \u2022 20\/10<br data-start=\"1011\" data-end=\"1014\" \/>\u2728 T\u1eb7ng b\u1ea5t ng\u1edd h\u1eb1ng ng\u00e0y<\/p>\n","protected":false},"excerpt":{"rendered":"<p data-start=\"1369\" data-end=\"1488\">B\u00f3 c\u00fac Tana tr\u1eafng nh\u1ecf xinh, phong c\u00e1ch nh\u1eb9 nh\u00e0ng tinh kh\u00f4i \u2014 m\u00f3n qu\u00e0 d\u1ec5 th\u01b0\u01a1ng mang l\u1ea1i c\u1ea3m gi\u00e1c b\u00ecnh y\u00ean v\u00e0 h\u1ea1nh ph\u00fac.<\/p>\n","protected":false},"featured_media":463,"comment_status":"open","ping_status":"closed","template":"","meta":[],"product_brand":[],"product_cat":[22],"product_tag":[],"class_list":{"0":"post-462","1":"product","2":"type-product","3":"status-publish","4":"has-post-thumbnail","6":"product_cat-hoa-sinh-nhat","8":"first","9":"instock","10":"shipping-taxable","11":"purchasable","12":"product-type-simple"},"_links":{"self":[{"href":"https:\/\/shophoadep.com\/index.php\/wp-json\/wp\/v2\/product\/462","targetHints":{"allow":["GET"]}}],"collection":[{"href":"https:\/\/shophoadep.com\/index.php\/wp-json\/wp\/v2\/product"}],"about":[{"href":"https:\/\/shophoadep.com\/index.php\/wp-json\/wp\/v2\/types\/product"}],"replies":[{"embeddable":true,"href":"https:\/\/shophoadep.com\/index.php\/wp-json\/wp\/v2\/comments?post=462"}],"wp:featuredmedia":[{"embeddable":true,"href":"https:\/\/shophoadep.com\/index.php\/wp-json\/wp\/v2\/media\/463"}],"wp:attachment":[{"href":"https:\/\/shophoadep.com\/index.php\/wp-json\/wp\/v2\/media?parent=462"}],"wp:term":[{"taxonomy":"product_brand","embeddable":true,"href":"https:\/\/shophoadep.com\/index.php\/wp-json\/wp\/v2\/product_brand?post=462"},{"taxonomy":"product_cat","embeddable":true,"href":"https:\/\/shophoadep.com\/index.php\/wp-json\/wp\/v2\/product_cat?post=462"},{"taxonomy":"product_tag","embeddable":true,"href":"https:\/\/shophoadep.com\/index.php\/wp-json\/wp\/v2\/product_tag?post=462"}],"curies":[{"name":"wp","href":"https:\/\/api.w.org\/{rel}","templated":true}]}}